{"id":484,"date":"2021-03-29T23:59:04","date_gmt":"2021-03-29T23:59:04","guid":{"rendered":"http:\/\/www.grupoavantelife.com\/wp\/?page_id=484"},"modified":"2021-04-09T02:30:52","modified_gmt":"2021-04-09T02:30:52","slug":"cosmeticos","status":"publish","type":"page","link":"https:\/\/www.grupoavantelife.com\/wp\/cosmeticos\/","title":{"rendered":"Cosm\u00e9ticos"},"content":{"rendered":"\t\t<div data-elementor-type=\"wp-page\" data-elementor-id=\"484\" class=\"elementor elementor-484\" data-elementor-settings=\"[]\">\n\t\t\t\t\t\t\t<div class=\"elementor-section-wrap\">\n\t\t\t\t\t\t\t<section class=\"elementor-section elementor-top-section elementor-element elementor-element-dad7227 elementor-section-boxed elementor-section-height-default elementor-section-height-default\" data-id=\"dad7227\" data-element_type=\"section\">\n\t\t\t\t\t\t<div class=\"elementor-container elementor-column-gap-default\">\n\t\t\t\t\t<div class=\"elementor-column elementor-col-33 elementor-top-column elementor-element elementor-element-b2df4a9\" data-id=\"b2df4a9\" data-element_type=\"column\">\n\t\t\t<div class=\"elementor-widget-wrap elementor-element-populated\">\n\t\t\t\t\t\t\t\t<div class=\"elementor-element elementor-element-0a12ef7 elementor-widget elementor-widget-text-editor\" data-id=\"0a12ef7\" data-element_type=\"widget\" data-widget_type=\"text-editor.default\">\n\t\t\t\t<div class=\"elementor-widget-container\">\n\t\t\t\t\t<div class=\"elementor-text-editor elementor-clearfix\"><p><strong>Tercerize a sua linha completa de cosm\u00e9ticos, Hidratantes, sabonetes l\u00edquidos, Gel, dentre outros, com uma empresa consolidada. Voc\u00ea pode personalizar a sua pr\u00f3pria linha de cosm\u00e9ticos.<\/strong><\/p><\/div>\n\t\t\t\t<\/div>\n\t\t\t\t<\/div>\n\t\t\t\t<div class=\"elementor-element elementor-element-2061508 elementor-align-center elementor-widget elementor-widget-button\" data-id=\"2061508\" data-element_type=\"widget\" data-widget_type=\"button.default\">\n\t\t\t\t<div class=\"elementor-widget-container\">\n\t\t\t\t\t<div class=\"elementor-button-wrapper\">\n\t\t\t<a href=\"http:\/\/www.grupoavantelife.com\/wp\/orcamento\/\" target=\"_blank\" class=\"elementor-button-link elementor-button elementor-size-sm\" role=\"button\">\n\t\t\t\t\t\t<span class=\"elementor-button-content-wrapper\">\n\t\t\t\t\t\t<span class=\"elementor-button-text\">Or\u00e7amento<\/span>\n\t\t<\/span>\n\t\t\t\t\t<\/a>\n\t\t<\/div>\n\t\t\t\t<\/div>\n\t\t\t\t<\/div>\n\t\t\t\t\t<\/div>\n\t\t<\/div>\n\t\t\t\t<div class=\"elementor-column elementor-col-66 elementor-top-column elementor-element elementor-element-d75b757\" data-id=\"d75b757\" data-element_type=\"column\">\n\t\t\t<div class=\"elementor-widget-wrap elementor-element-populated\">\n\t\t\t\t\t\t\t\t<div class=\"elementor-element elementor-element-7a44a63 elementor-widget elementor-widget-image\" data-id=\"7a44a63\" data-element_type=\"widget\" data-widget_type=\"image.default\">\n\t\t\t\t<div class=\"elementor-widget-container\">\n\t\t\t\t\t<div class=\"elementor-image\">\n\t\t\t\t\t\t\t\t\t\t<img width=\"925\" height=\"544\" src=\"https:\/\/www.grupoavantelife.com\/wp\/wp-content\/uploads\/2021\/03\/RECUADROS-COSMETICA-1-1024x602.jpg\" class=\"attachment-large size-large\" alt=\"\" decoding=\"async\" loading=\"lazy\" srcset=\"https:\/\/www.grupoavantelife.com\/wp\/wp-content\/uploads\/2021\/03\/RECUADROS-COSMETICA-1-1024x602.jpg 1024w, https:\/\/www.grupoavantelife.com\/wp\/wp-content\/uploads\/2021\/03\/RECUADROS-COSMETICA-1-300x176.jpg 300w, https:\/\/www.grupoavantelife.com\/wp\/wp-content\/uploads\/2021\/03\/RECUADROS-COSMETICA-1-768x451.jpg 768w, https:\/\/www.grupoavantelife.com\/wp\/wp-content\/uploads\/2021\/03\/RECUADROS-COSMETICA-1-1536x902.jpg 1536w, https:\/\/www.grupoavantelife.com\/wp\/wp-content\/uploads\/2021\/03\/RECUADROS-COSMETICA-1-2048x1203.jpg 2048w, https:\/\/www.grupoavantelife.com\/wp\/wp-content\/uploads\/2021\/03\/RECUADROS-COSMETICA-1-102x60.jpg 102w\" sizes=\"(max-width: 925px) 100vw, 925px\" \/>\t\t\t\t\t\t\t\t\t\t\t<\/div>\n\t\t\t\t<\/div>\n\t\t\t\t<\/div>\n\t\t\t\t\t<\/div>\n\t\t<\/div>\n\t\t\t\t\t\t\t<\/div>\n\t\t<\/section>\n\t\t\t\t<section class=\"elementor-section elementor-top-section elementor-element elementor-element-fe1a7c2 elementor-section-boxed elementor-section-height-default elementor-section-height-default\" data-id=\"fe1a7c2\" data-element_type=\"section\">\n\t\t\t\t\t\t<div class=\"elementor-container elementor-column-gap-default\">\n\t\t\t\t\t<div class=\"elementor-column elementor-col-50 elementor-top-column elementor-element elementor-element-9bf2e98\" data-id=\"9bf2e98\" data-element_type=\"column\">\n\t\t\t<div class=\"elementor-widget-wrap elementor-element-populated\">\n\t\t\t\t\t\t\t\t<div class=\"elementor-element elementor-element-affce70 elementor-widget elementor-widget-image\" data-id=\"affce70\" data-element_type=\"widget\" data-widget_type=\"image.default\">\n\t\t\t\t<div class=\"elementor-widget-container\">\n\t\t\t\t\t<div class=\"elementor-image\">\n\t\t\t\t\t\t\t\t\t\t<img width=\"580\" height=\"1024\" src=\"https:\/\/www.grupoavantelife.com\/wp\/wp-content\/uploads\/2021\/03\/RECUADROS-triptico-580x1024.jpg\" class=\"attachment-large size-large\" alt=\"\" decoding=\"async\" loading=\"lazy\" srcset=\"https:\/\/www.grupoavantelife.com\/wp\/wp-content\/uploads\/2021\/03\/RECUADROS-triptico-580x1024.jpg 580w, https:\/\/www.grupoavantelife.com\/wp\/wp-content\/uploads\/2021\/03\/RECUADROS-triptico-170x300.jpg 170w, https:\/\/www.grupoavantelife.com\/wp\/wp-content\/uploads\/2021\/03\/RECUADROS-triptico-768x1356.jpg 768w, https:\/\/www.grupoavantelife.com\/wp\/wp-content\/uploads\/2021\/03\/RECUADROS-triptico-870x1536.jpg 870w, https:\/\/www.grupoavantelife.com\/wp\/wp-content\/uploads\/2021\/03\/RECUADROS-triptico-1160x2048.jpg 1160w, https:\/\/www.grupoavantelife.com\/wp\/wp-content\/uploads\/2021\/03\/RECUADROS-triptico-34x60.jpg 34w, https:\/\/www.grupoavantelife.com\/wp\/wp-content\/uploads\/2021\/03\/RECUADROS-triptico-scaled.jpg 1450w\" sizes=\"(max-width: 580px) 100vw, 580px\" \/>\t\t\t\t\t\t\t\t\t\t\t<\/div>\n\t\t\t\t<\/div>\n\t\t\t\t<\/div>\n\t\t\t\t\t<\/div>\n\t\t<\/div>\n\t\t\t\t<div class=\"elementor-column elementor-col-50 elementor-top-column elementor-element elementor-element-b5dab5a\" data-id=\"b5dab5a\" data-element_type=\"column\">\n\t\t\t<div class=\"elementor-widget-wrap elementor-element-populated\">\n\t\t\t\t\t\t\t\t<div class=\"elementor-element elementor-element-cfc1ce2 elementor-widget elementor-widget-text-editor\" data-id=\"cfc1ce2\" data-element_type=\"widget\" data-widget_type=\"text-editor.default\">\n\t\t\t\t<div class=\"elementor-widget-container\">\n\t\t\t\t\t<div class=\"elementor-text-editor elementor-clearfix\"><p><strong>Um Pouco de Historia<\/strong><\/p><p>Ainda que a ind\u00fastria cosm\u00e9tica, hoje pare\u00e7a algo tecnol\u00f3gico e sofisticado, as primeiras civiliza\u00e7\u00f5es j\u00e1 se ocupavam destes assuntos. Na antiguidade j\u00e1 se usavam diferentes produtos cosm\u00e9ticos. Precisamente no Antigo Egito se encontram os primeiros vest\u00edgios da elabora\u00e7\u00e3o e utiliza\u00e7\u00e3o destes elementos.<br \/>Os produtos naturais, como as ervas arom\u00e1ticas, eram algumas das principais mat\u00e9rias primas. <br \/>S\u00e3o mais do que famosos os banhos de leite que tomava Cle\u00f3patra para hidratar a sua pele, um tratamento acompanhado com aplica\u00e7\u00e3o de mel, que conta com grandes propriedades antic\u00e9pticas.<br \/>Tamb\u00e9m se cuidava muito a higiene com sabonetes e perfumavam a sua pele com preparos baseados em ervas, ra\u00edzes e especiarias. Isso todo sem esquecer dos famosos unguentos, que tamb\u00e9m tem a sua origem nestas antigas civiliza\u00e7\u00f5es.<\/p><blockquote><p><strong>&#8216;Egito, Roma e Gr\u00e9cia foram o ber\u00e7o do cosm\u00e9tico e o cuidado do corpo&#8217;<\/strong><\/p><\/blockquote><\/div>\n\t\t\t\t<\/div>\n\t\t\t\t<\/div>\n\t\t\t\t\t<\/div>\n\t\t<\/div>\n\t\t\t\t\t\t\t<\/div>\n\t\t<\/section>\n\t\t\t\t<section class=\"elementor-section elementor-top-section elementor-element elementor-element-2644a00 elementor-section-boxed elementor-section-height-default elementor-section-height-default\" data-id=\"2644a00\" data-element_type=\"section\">\n\t\t\t\t\t\t<div class=\"elementor-container elementor-column-gap-default\">\n\t\t\t\t\t<div class=\"elementor-column elementor-col-100 elementor-top-column elementor-element elementor-element-7ed3121\" data-id=\"7ed3121\" data-element_type=\"column\">\n\t\t\t<div class=\"elementor-widget-wrap elementor-element-populated\">\n\t\t\t\t\t\t\t\t<div class=\"elementor-element elementor-element-9d72b78 elementor-widget-divider--separator-type-pattern elementor-widget-divider--no-spacing elementor-widget-divider--view-line elementor-widget elementor-widget-divider\" data-id=\"9d72b78\" data-element_type=\"widget\" data-widget_type=\"divider.default\">\n\t\t\t\t<div class=\"elementor-widget-container\">\n\t\t\t\t\t<div class=\"elementor-divider\" style=\"--divider-pattern-url: url(&quot;data:image\/svg+xml,%3Csvg xmlns=&#039;http:\/\/www.w3.org\/2000\/svg&#039; preserveAspectRatio=&#039;none&#039; overflow=&#039;visible&#039; height=&#039;100%&#039; viewBox=&#039;0 0 24 24&#039; fill=&#039;black&#039; stroke=&#039;none&#039;%3E%3Cpath d=&#039;M24,8v12H0V8H24z M24,4v1H0V4H24z&#039;\/%3E%3C\/svg%3E&quot;);\">\n\t\t\t<span class=\"elementor-divider-separator\">\n\t\t\t\t\t\t<\/span>\n\t\t<\/div>\n\t\t\t\t<\/div>\n\t\t\t\t<\/div>\n\t\t\t\t\t<\/div>\n\t\t<\/div>\n\t\t\t\t\t\t\t<\/div>\n\t\t<\/section>\n\t\t\t\t<section class=\"elementor-section elementor-top-section elementor-element elementor-element-e2a7844 elementor-section-boxed elementor-section-height-default elementor-section-height-default\" data-id=\"e2a7844\" data-element_type=\"section\">\n\t\t\t\t\t\t<div class=\"elementor-container elementor-column-gap-default\">\n\t\t\t\t\t<div class=\"elementor-column elementor-col-33 elementor-top-column elementor-element elementor-element-1865356\" data-id=\"1865356\" data-element_type=\"column\">\n\t\t\t<div class=\"elementor-widget-wrap elementor-element-populated\">\n\t\t\t\t\t\t\t\t<div class=\"elementor-element elementor-element-9a70de3 elementor-widget elementor-widget-text-editor\" data-id=\"9a70de3\" data-element_type=\"widget\" data-widget_type=\"text-editor.default\">\n\t\t\t\t<div class=\"elementor-widget-container\">\n\t\t\t\t\t<div class=\"elementor-text-editor elementor-clearfix\"><p><strong>Tamb\u00e9m lhe pode interessar<\/strong><\/p><\/div>\n\t\t\t\t<\/div>\n\t\t\t\t<\/div>\n\t\t\t\t<div class=\"elementor-element elementor-element-31a399c elementor-widget elementor-widget-image\" data-id=\"31a399c\" data-element_type=\"widget\" data-widget_type=\"image.default\">\n\t\t\t\t<div class=\"elementor-widget-container\">\n\t\t\t\t\t<div class=\"elementor-image\">\n\t\t\t\t\t\t\t\t\t\t\t<a href=\"http:\/\/www.grupoavantelife.com\/wp\/linha-salao\/\" target=\"_blank\">\n\t\t\t\t\t\t\t<img width=\"925\" height=\"542\" src=\"https:\/\/www.grupoavantelife.com\/wp\/wp-content\/uploads\/2021\/03\/RECUADRO-SALON-1024x600.jpg\" class=\"attachment-large size-large\" alt=\"\" decoding=\"async\" loading=\"lazy\" srcset=\"https:\/\/www.grupoavantelife.com\/wp\/wp-content\/uploads\/2021\/03\/RECUADRO-SALON-1024x600.jpg 1024w, https:\/\/www.grupoavantelife.com\/wp\/wp-content\/uploads\/2021\/03\/RECUADRO-SALON-300x176.jpg 300w, https:\/\/www.grupoavantelife.com\/wp\/wp-content\/uploads\/2021\/03\/RECUADRO-SALON-768x450.jpg 768w, https:\/\/www.grupoavantelife.com\/wp\/wp-content\/uploads\/2021\/03\/RECUADRO-SALON-1536x900.jpg 1536w, https:\/\/www.grupoavantelife.com\/wp\/wp-content\/uploads\/2021\/03\/RECUADRO-SALON-2048x1200.jpg 2048w, https:\/\/www.grupoavantelife.com\/wp\/wp-content\/uploads\/2021\/03\/RECUADRO-SALON-102x60.jpg 102w\" sizes=\"(max-width: 925px) 100vw, 925px\" \/>\t\t\t\t\t\t\t\t<\/a>\n\t\t\t\t\t\t\t\t\t\t\t<\/div>\n\t\t\t\t<\/div>\n\t\t\t\t<\/div>\n\t\t\t\t<div class=\"elementor-element elementor-element-b162608 elementor-widget elementor-widget-text-editor\" data-id=\"b162608\" data-element_type=\"widget\" data-widget_type=\"text-editor.default\">\n\t\t\t\t<div class=\"elementor-widget-container\">\n\t\t\t\t\t<div class=\"elementor-text-editor elementor-clearfix\"><p>Uma linha profissional, de altissima qualidade, ideal para sal\u00e3o de beleza&#8230;<br \/><a href=\"http:\/\/www.grupoavantelife.com\/wp\/linha-salao\/\" target=\"_blank\" rel=\"noopener\">Saiba mais<\/a><\/p><\/div>\n\t\t\t\t<\/div>\n\t\t\t\t<\/div>\n\t\t\t\t\t<\/div>\n\t\t<\/div>\n\t\t\t\t<div class=\"elementor-column elementor-col-33 elementor-top-column elementor-element elementor-element-5d7c134\" data-id=\"5d7c134\" data-element_type=\"column\">\n\t\t\t<div class=\"elementor-widget-wrap elementor-element-populated\">\n\t\t\t\t\t\t\t\t<div class=\"elementor-element elementor-element-5f231e2 elementor-widget elementor-widget-text-editor\" data-id=\"5f231e2\" data-element_type=\"widget\" data-widget_type=\"text-editor.default\">\n\t\t\t\t<div class=\"elementor-widget-container\">\n\t\t\t\t\t<div class=\"elementor-text-editor elementor-clearfix\"><p><strong>Tamb\u00e9m lhe pode interessar<\/strong><\/p><\/div>\n\t\t\t\t<\/div>\n\t\t\t\t<\/div>\n\t\t\t\t<div class=\"elementor-element elementor-element-d012be6 elementor-widget elementor-widget-image\" data-id=\"d012be6\" data-element_type=\"widget\" data-widget_type=\"image.default\">\n\t\t\t\t<div class=\"elementor-widget-container\">\n\t\t\t\t\t<div class=\"elementor-image\">\n\t\t\t\t\t\t\t\t\t\t\t<a href=\"http:\/\/www.grupoavantelife.com\/wp\/suplementos\/\" target=\"_blank\">\n\t\t\t\t\t\t\t<img width=\"925\" height=\"544\" src=\"https:\/\/www.grupoavantelife.com\/wp\/wp-content\/uploads\/2021\/04\/RECUADROS-GRANDE-1024x602.jpg\" class=\"attachment-large size-large\" alt=\"\" decoding=\"async\" loading=\"lazy\" srcset=\"https:\/\/www.grupoavantelife.com\/wp\/wp-content\/uploads\/2021\/04\/RECUADROS-GRANDE-1024x602.jpg 1024w, https:\/\/www.grupoavantelife.com\/wp\/wp-content\/uploads\/2021\/04\/RECUADROS-GRANDE-300x176.jpg 300w, https:\/\/www.grupoavantelife.com\/wp\/wp-content\/uploads\/2021\/04\/RECUADROS-GRANDE-768x451.jpg 768w, https:\/\/www.grupoavantelife.com\/wp\/wp-content\/uploads\/2021\/04\/RECUADROS-GRANDE-1536x903.jpg 1536w, https:\/\/www.grupoavantelife.com\/wp\/wp-content\/uploads\/2021\/04\/RECUADROS-GRANDE-2048x1203.jpg 2048w, https:\/\/www.grupoavantelife.com\/wp\/wp-content\/uploads\/2021\/04\/RECUADROS-GRANDE-102x60.jpg 102w\" sizes=\"(max-width: 925px) 100vw, 925px\" \/>\t\t\t\t\t\t\t\t<\/a>\n\t\t\t\t\t\t\t\t\t\t\t<\/div>\n\t\t\t\t<\/div>\n\t\t\t\t<\/div>\n\t\t\t\t<div class=\"elementor-element elementor-element-f4f997e elementor-widget elementor-widget-text-editor\" data-id=\"f4f997e\" data-element_type=\"widget\" data-widget_type=\"text-editor.default\">\n\t\t\t\t<div class=\"elementor-widget-container\">\n\t\t\t\t\t<div class=\"elementor-text-editor elementor-clearfix\"><p>Em tempos onde a suplementa\u00e7\u00e3o est\u00e1 em alta\u00a0 nos questionamos: Qual \u00e9 a&#8230;<br \/><a href=\"http:\/\/www.grupoavantelife.com\/wp\/suplementos\/\" target=\"_blank\" rel=\"noopener\">Saiba mais<\/a><\/p><\/div>\n\t\t\t\t<\/div>\n\t\t\t\t<\/div>\n\t\t\t\t\t<\/div>\n\t\t<\/div>\n\t\t\t\t<div class=\"elementor-column elementor-col-33 elementor-top-column elementor-element elementor-element-89a2ed9\" data-id=\"89a2ed9\" data-element_type=\"column\">\n\t\t\t<div class=\"elementor-widget-wrap elementor-element-populated\">\n\t\t\t\t\t\t\t\t<div class=\"elementor-element elementor-element-5b956b6 elementor-widget elementor-widget-text-editor\" data-id=\"5b956b6\" data-element_type=\"widget\" data-widget_type=\"text-editor.default\">\n\t\t\t\t<div class=\"elementor-widget-container\">\n\t\t\t\t\t<div class=\"elementor-text-editor elementor-clearfix\"><p><strong>Tamb\u00e9m lhe pode interessar<\/strong><\/p><\/div>\n\t\t\t\t<\/div>\n\t\t\t\t<\/div>\n\t\t\t\t<div class=\"elementor-element elementor-element-6abaa58 elementor-widget elementor-widget-image\" data-id=\"6abaa58\" data-element_type=\"widget\" data-widget_type=\"image.default\">\n\t\t\t\t<div class=\"elementor-widget-container\">\n\t\t\t\t\t<div class=\"elementor-image\">\n\t\t\t\t\t\t\t\t\t\t\t<a href=\"http:\/\/www.grupoavantelife.com\/wp\/oleos-essenciais\/\" target=\"_blank\">\n\t\t\t\t\t\t\t<img width=\"925\" height=\"543\" src=\"https:\/\/www.grupoavantelife.com\/wp\/wp-content\/uploads\/2021\/04\/RECUADROS-GRANDE-1-1024x601.jpg\" class=\"attachment-large size-large\" alt=\"\" decoding=\"async\" loading=\"lazy\" srcset=\"https:\/\/www.grupoavantelife.com\/wp\/wp-content\/uploads\/2021\/04\/RECUADROS-GRANDE-1-1024x601.jpg 1024w, https:\/\/www.grupoavantelife.com\/wp\/wp-content\/uploads\/2021\/04\/RECUADROS-GRANDE-1-300x176.jpg 300w, https:\/\/www.grupoavantelife.com\/wp\/wp-content\/uploads\/2021\/04\/RECUADROS-GRANDE-1-768x451.jpg 768w, https:\/\/www.grupoavantelife.com\/wp\/wp-content\/uploads\/2021\/04\/RECUADROS-GRANDE-1-1536x901.jpg 1536w, https:\/\/www.grupoavantelife.com\/wp\/wp-content\/uploads\/2021\/04\/RECUADROS-GRANDE-1-2048x1202.jpg 2048w, https:\/\/www.grupoavantelife.com\/wp\/wp-content\/uploads\/2021\/04\/RECUADROS-GRANDE-1-102x60.jpg 102w\" sizes=\"(max-width: 925px) 100vw, 925px\" \/>\t\t\t\t\t\t\t\t<\/a>\n\t\t\t\t\t\t\t\t\t\t\t<\/div>\n\t\t\t\t<\/div>\n\t\t\t\t<\/div>\n\t\t\t\t<div class=\"elementor-element elementor-element-06c8835 elementor-widget elementor-widget-text-editor\" data-id=\"06c8835\" data-element_type=\"widget\" data-widget_type=\"text-editor.default\">\n\t\t\t\t<div class=\"elementor-widget-container\">\n\t\t\t\t\t<div class=\"elementor-text-editor elementor-clearfix\"><p>Os tratamento com a\u00a0<b>aromaterapia<\/b> est\u00e1 no topo das tend\u00eancias holisticas<br \/><a href=\"http:\/\/www.grupoavantelife.com\/wp\/oleos-essenciais\/\" target=\"_blank\" rel=\"noopener\">Saiba mais<\/a><\/p><\/div>\n\t\t\t\t<\/div>\n\t\t\t\t<\/div>\n\t\t\t\t\t<\/div>\n\t\t<\/div>\n\t\t\t\t\t\t\t<\/div>\n\t\t<\/section>\n\t\t\t\t\t\t<\/div>\n\t\t\t\t\t<\/div>\n\t\t","protected":false},"excerpt":{"rendered":"<p>Tercerize a sua linha completa de cosm\u00e9ticos, Hidratantes, sabonetes l\u00edquidos, Gel, dentre outros, com uma empresa consolidada. Voc\u00ea pode personalizar a sua pr\u00f3pria linha de cosm\u00e9ticos. Or\u00e7amento Um Pouco de Historia Ainda que a ind\u00fastria cosm\u00e9tica, hoje pare\u00e7a algo tecnol\u00f3gico e sofisticado, as primeiras civiliza\u00e7\u00f5es j\u00e1 se ocupavam destes assuntos. Na antiguidade j\u00e1 se usavam &hellip; <\/p>\n","protected":false},"author":1,"featured_media":0,"parent":0,"menu_order":0,"comment_status":"closed","ping_status":"closed","template":"","meta":[],"_links":{"self":[{"href":"https:\/\/www.grupoavantelife.com\/wp\/wp-json\/wp\/v2\/pages\/484"}],"collection":[{"href":"https:\/\/www.grupoavantelife.com\/wp\/wp-json\/wp\/v2\/pages"}],"about":[{"href":"https:\/\/www.grupoavantelife.com\/wp\/wp-json\/wp\/v2\/types\/page"}],"author":[{"embeddable":true,"href":"https:\/\/www.grupoavantelife.com\/wp\/wp-json\/wp\/v2\/users\/1"}],"replies":[{"embeddable":true,"href":"https:\/\/www.grupoavantelife.com\/wp\/wp-json\/wp\/v2\/comments?post=484"}],"version-history":[{"count":73,"href":"https:\/\/www.grupoavantelife.com\/wp\/wp-json\/wp\/v2\/pages\/484\/revisions"}],"predecessor-version":[{"id":1104,"href":"https:\/\/www.grupoavantelife.com\/wp\/wp-json\/wp\/v2\/pages\/484\/revisions\/1104"}],"wp:attachment":[{"href":"https:\/\/www.grupoavantelife.com\/wp\/wp-json\/wp\/v2\/media?parent=484"}],"curies":[{"name":"wp","href":"https:\/\/api.w.org\/{rel}","templated":true}]}}